{"id":7000,"date":"2023-12-08T12:55:52","date_gmt":"2023-12-08T12:55:52","guid":{"rendered":"https:\/\/unit-living.com\/contactar-nos-2\/"},"modified":"2024-03-02T15:42:44","modified_gmt":"2024-03-02T15:42:44","slug":"contactar-nos-2","status":"publish","type":"page","link":"https:\/\/unit-living.com\/pt-pt\/contactar-nos-2\/","title":{"rendered":"Contactar-nos."},"content":{"rendered":"\t\t<div data-elementor-type=\"wp-page\" data-elementor-id=\"7000\" class=\"elementor elementor-7000 elementor-4853\">\n\t\t\t\t\t\t<section class=\"elementor-section elementor-top-section elementor-element elementor-element-d6c846f n-gega-container--wide elementor-section-boxed elementor-section-height-default elementor-section-height-default elementor-invisible\" data-id=\"d6c846f\" data-element_type=\"section\" data-e-type=\"section\" data-settings=\"{&quot;animation&quot;:&quot;h-neuron-animation--fadeIn&quot;}\">\n\t\t\t\t\t\t<div class=\"elementor-container elementor-column-gap-default\">\n\t\t\t\t\t<div class=\"elementor-column elementor-col-50 elementor-top-column elementor-element elementor-element-536cbc5\" data-id=\"536cbc5\" data-element_type=\"column\" data-e-type=\"column\">\n\t\t\t<div class=\"elementor-widget-wrap elementor-element-populated\">\n\t\t\t\t\t\t<div class=\"elementor-element elementor-element-f10e3ae elementor-invisible elementor-widget elementor-widget-heading\" data-id=\"f10e3ae\" data-element_type=\"widget\" data-e-type=\"widget\" data-settings=\"{&quot;_animation&quot;:&quot;h-neuron-animation--fadeIn&quot;}\" data-widget_type=\"heading.default\">\n\t\t\t\t<div class=\"elementor-widget-container\">\n\t\t\t\t\t<h2 class=\"elementor-heading-title elementor-size-default\">CONTACTE-NOS<\/h2>\t\t\t\t<\/div>\n\t\t\t\t<\/div>\n\t\t\t\t<div class=\"elementor-element elementor-element-a50c180 elementor-widget elementor-widget-text-editor\" data-id=\"a50c180\" data-element_type=\"widget\" data-e-type=\"widget\" data-widget_type=\"text-editor.default\">\n\t\t\t\t<div class=\"elementor-widget-container\">\n\t\t\t\t\t\t\t\t\t<p>A entrega come\u00e7a em abril de 2024.  <br \/>Entre em contacto agora para uma expedi\u00e7\u00e3o antecipada,  <br \/>e aproveitar ao m\u00e1ximo a pr\u00f3xima \u00e9poca de ver\u00e3o.<\/p>\n\t\t\t\t\t\t\t\t<\/div>\n\t\t\t\t<\/div>\n\t\t\t\t\t<\/div>\n\t\t<\/div>\n\t\t\t\t<div class=\"elementor-column elementor-col-50 elementor-top-column elementor-element elementor-element-d785750\" data-id=\"d785750\" data-element_type=\"column\" data-e-type=\"column\">\n\t\t\t<div class=\"elementor-widget-wrap elementor-element-populated\">\n\t\t\t\t\t\t<div class=\"elementor-element elementor-element-34b9568 elementor-widget elementor-widget-neuron-form\" data-id=\"34b9568\" data-element_type=\"widget\" data-e-type=\"widget\" data-widget_type=\"neuron-form.default\">\n\t\t\t\t<div class=\"elementor-widget-container\">\n\t\t\t\t\t\t\t<form class=\"m-neuron-form\" method=\"post\" name=\"New Form\">\n\t\t\t<input type=\"hidden\" id=\"neuron_forms_nonce\" name=\"neuron_forms_nonce\" value=\"f9cb87e73e\" \/><input type=\"hidden\" name=\"_wp_http_referer\" value=\"\/pt-pt\/wp-json\/wp\/v2\/pages\/7000\" \/>\t\t\t<input type=\"hidden\" name=\"post_id\" value=\"7000\"\/>\n\t\t\t<input type=\"hidden\" name=\"form_id\" value=\"34b9568\"\/>\n\n\t\t\t\t\t\t<div class=\"m-neuron-form__field-group--text m-neuron-form__field-group elementor-repeater-item-11509c4 m-neuron-form__field-group--required m-neuron-form__field-group--mark-required\">\n\t\t\t\t<label for=\"form-field-name\" class=\"m-neuron-form__label\">Name<\/label><input size=\"1\" type=\"text\" name=\"form_fields[name]\" id=\"form-field-name\" class=\"m-neuron-form__field h-neuron-size-xs  m-neuron-form__input\" required=\"required\" aria-required=\"true\">\t\t\t<\/div>\n\t\t\t\t\t\t<div class=\"m-neuron-form__field-group--email m-neuron-form__field-group elementor-repeater-item-99489d7 m-neuron-form__field-group--required m-neuron-form__field-group--mark-required\">\n\t\t\t\t<label for=\"form-field-email\" class=\"m-neuron-form__label\">Email<\/label><input size=\"1\" type=\"email\" name=\"form_fields[email]\" id=\"form-field-email\" class=\"m-neuron-form__field h-neuron-size-xs  m-neuron-form__input\" required=\"required\" aria-required=\"true\">\t\t\t<\/div>\n\t\t\t\t\t\t<div class=\"m-neuron-form__field-group--text m-neuron-form__field-group elementor-repeater-item-15d651f m-neuron-form__field-group--required m-neuron-form__field-group--mark-required\">\n\t\t\t\t<label for=\"form-field-\" class=\"m-neuron-form__label\">Country<\/label><input size=\"1\" type=\"text\" name=\"form_fields[]\" id=\"form-field-\" class=\"m-neuron-form__field h-neuron-size-xs  m-neuron-form__input\" required=\"required\" aria-required=\"true\">\t\t\t<\/div>\n\t\t\t\t\t\t<div class=\"m-neuron-form__field-group--textarea m-neuron-form__field-group elementor-repeater-item-753cd1f m-neuron-form__field-group--required m-neuron-form__field-group--mark-required\">\n\t\t\t\t<label for=\"form-field-message\" class=\"m-neuron-form__label\">Message<\/label><textarea class=\"m-neuron-form__field  h-neuron-size-xs\" name=\"form_fields[message]\" id=\"form-field-message\" rows=\"4\" required=\"required\" aria-required=\"true\"><\/textarea>\t\t\t<\/div>\n\t\t\t\t\t\t<div class=\"m-neuron-form__field-group m-neuron-form__button\">\n\t\t\t\t<button type=\"submit\" class=\"m-neuron-form__submit-button a-neuron-button h-neuron-size--sm\">\n\t\t\t\t\t<span class=\"m-neuron-form__button-icon--left\">\n\t\t\t\t\t\t\t\t\t\t\t\t\t<span class=\"m-neuron-form__button-icon\">\n\t\t\t\t\t\t\t\t<i aria-hidden=\"true\" class=\"n-icon n-icon-arrow\"><\/i>\t\t\t\t\t\t\t\t\t\t\t\t\t\t\t<\/span>\n\t\t\t\t\t\t\t\t\t\t\t\t\t\t\t\t\t\t\t<span class=\"m-neuron-form__button-text\">Send<\/span>\n\t\t\t\t\t\t\t\t\t\t\t<\/span>\n\t\t\t\t<\/button>\n\t\t\t<\/div>\n\t\t<\/form>\n\t\t\t\t\t\t<\/div>\n\t\t\t\t<\/div>\n\t\t\t\t\t<\/div>\n\t\t<\/div>\n\t\t\t\t\t<\/div>\n\t\t<\/section>\n\t\t\t\t<\/div>\n\t\t","protected":false},"excerpt":{"rendered":"<p>CONTACTE-NOS A entrega come\u00e7a em abril de 2024. Entre em contacto agora para uma expedi\u00e7\u00e3o antecipada, e aproveitar ao m\u00e1ximo a pr\u00f3xima \u00e9poca de ver\u00e3o.<\/p>\n","protected":false},"author":1,"featured_media":0,"parent":0,"menu_order":0,"comment_status":"closed","ping_status":"closed","template":"elementor_header_footer","meta":{"footnotes":""},"class_list":["post-7000","page","type-page","status-publish","hentry"],"yoast_head":"<!-- This site is optimized with the Yoast SEO plugin v27.4 - https:\/\/yoast.com\/product\/yoast-seo-wordpress\/ -->\n<title>Contactar-nos. - UNIT<\/title>\n<meta name=\"robots\" content=\"index, follow, max-snippet:-1, max-image-preview:large, max-video-preview:-1\" \/>\n<link rel=\"canonical\" href=\"https:\/\/unit-living.com\/pt-pt\/contactar-nos-2\/\" \/>\n<meta property=\"og:locale\" content=\"pt_PT\" \/>\n<meta property=\"og:type\" content=\"article\" \/>\n<meta property=\"og:title\" content=\"Contactar-nos. - UNIT\" \/>\n<meta property=\"og:description\" content=\"CONTACTE-NOS A entrega come\u00e7a em abril de 2024. Entre em contacto agora para uma expedi\u00e7\u00e3o antecipada, e aproveitar ao m\u00e1ximo a pr\u00f3xima \u00e9poca de ver\u00e3o.\" \/>\n<meta property=\"og:url\" content=\"https:\/\/unit-living.com\/pt-pt\/contactar-nos-2\/\" \/>\n<meta property=\"og:site_name\" content=\"UNIT\" \/>\n<meta property=\"article:modified_time\" content=\"2024-03-02T15:42:44+00:00\" \/>\n<meta name=\"twitter:card\" content=\"summary_large_image\" \/>\n<script type=\"application\/ld+json\" class=\"yoast-schema-graph\">{\"@context\":\"https:\\\/\\\/schema.org\",\"@graph\":[{\"@type\":\"WebPage\",\"@id\":\"https:\\\/\\\/unit-living.com\\\/pt-pt\\\/contactar-nos-2\\\/\",\"url\":\"https:\\\/\\\/unit-living.com\\\/pt-pt\\\/contactar-nos-2\\\/\",\"name\":\"Contactar-nos. - UNIT\",\"isPartOf\":{\"@id\":\"https:\\\/\\\/unit-living.com\\\/pt-pt\\\/#website\"},\"datePublished\":\"2023-12-08T12:55:52+00:00\",\"dateModified\":\"2024-03-02T15:42:44+00:00\",\"breadcrumb\":{\"@id\":\"https:\\\/\\\/unit-living.com\\\/pt-pt\\\/contactar-nos-2\\\/#breadcrumb\"},\"inLanguage\":\"pt-PT\",\"potentialAction\":[{\"@type\":\"ReadAction\",\"target\":[\"https:\\\/\\\/unit-living.com\\\/pt-pt\\\/contactar-nos-2\\\/\"]}]},{\"@type\":\"BreadcrumbList\",\"@id\":\"https:\\\/\\\/unit-living.com\\\/pt-pt\\\/contactar-nos-2\\\/#breadcrumb\",\"itemListElement\":[{\"@type\":\"ListItem\",\"position\":1,\"name\":\"Home\",\"item\":\"https:\\\/\\\/unit-living.com\\\/pt-pt\\\/\"},{\"@type\":\"ListItem\",\"position\":2,\"name\":\"Contactar-nos.\"}]},{\"@type\":\"WebSite\",\"@id\":\"https:\\\/\\\/unit-living.com\\\/pt-pt\\\/#website\",\"url\":\"https:\\\/\\\/unit-living.com\\\/pt-pt\\\/\",\"name\":\"UNIT\",\"description\":\"prefab housing for hoteliers and landowners\",\"publisher\":{\"@id\":\"https:\\\/\\\/unit-living.com\\\/pt-pt\\\/#organization\"},\"potentialAction\":[{\"@type\":\"SearchAction\",\"target\":{\"@type\":\"EntryPoint\",\"urlTemplate\":\"https:\\\/\\\/unit-living.com\\\/pt-pt\\\/?s={search_term_string}\"},\"query-input\":{\"@type\":\"PropertyValueSpecification\",\"valueRequired\":true,\"valueName\":\"search_term_string\"}}],\"inLanguage\":\"pt-PT\"},{\"@type\":\"Organization\",\"@id\":\"https:\\\/\\\/unit-living.com\\\/pt-pt\\\/#organization\",\"name\":\"UNIT\",\"url\":\"https:\\\/\\\/unit-living.com\\\/pt-pt\\\/\",\"logo\":{\"@type\":\"ImageObject\",\"inLanguage\":\"pt-PT\",\"@id\":\"https:\\\/\\\/unit-living.com\\\/pt-pt\\\/#\\\/schema\\\/logo\\\/image\\\/\",\"url\":\"https:\\\/\\\/unit-living.com\\\/wp-content\\\/uploads\\\/2023\\\/12\\\/UNIT_logoblack.png\",\"contentUrl\":\"https:\\\/\\\/unit-living.com\\\/wp-content\\\/uploads\\\/2023\\\/12\\\/UNIT_logoblack.png\",\"width\":710,\"height\":237,\"caption\":\"UNIT\"},\"image\":{\"@id\":\"https:\\\/\\\/unit-living.com\\\/pt-pt\\\/#\\\/schema\\\/logo\\\/image\\\/\"},\"sameAs\":[\"https:\\\/\\\/www.linkedin.com\\\/company\\\/unit-living\\\/\"]}]}<\/script>\n<!-- \/ Yoast SEO plugin. -->","yoast_head_json":{"title":"Contactar-nos. - UNIT","robots":{"index":"index","follow":"follow","max-snippet":"max-snippet:-1","max-image-preview":"max-image-preview:large","max-video-preview":"max-video-preview:-1"},"canonical":"https:\/\/unit-living.com\/pt-pt\/contactar-nos-2\/","og_locale":"pt_PT","og_type":"article","og_title":"Contactar-nos. - UNIT","og_description":"CONTACTE-NOS A entrega come\u00e7a em abril de 2024. Entre em contacto agora para uma expedi\u00e7\u00e3o antecipada, e aproveitar ao m\u00e1ximo a pr\u00f3xima \u00e9poca de ver\u00e3o.","og_url":"https:\/\/unit-living.com\/pt-pt\/contactar-nos-2\/","og_site_name":"UNIT","article_modified_time":"2024-03-02T15:42:44+00:00","twitter_card":"summary_large_image","schema":{"@context":"https:\/\/schema.org","@graph":[{"@type":"WebPage","@id":"https:\/\/unit-living.com\/pt-pt\/contactar-nos-2\/","url":"https:\/\/unit-living.com\/pt-pt\/contactar-nos-2\/","name":"Contactar-nos. - UNIT","isPartOf":{"@id":"https:\/\/unit-living.com\/pt-pt\/#website"},"datePublished":"2023-12-08T12:55:52+00:00","dateModified":"2024-03-02T15:42:44+00:00","breadcrumb":{"@id":"https:\/\/unit-living.com\/pt-pt\/contactar-nos-2\/#breadcrumb"},"inLanguage":"pt-PT","potentialAction":[{"@type":"ReadAction","target":["https:\/\/unit-living.com\/pt-pt\/contactar-nos-2\/"]}]},{"@type":"BreadcrumbList","@id":"https:\/\/unit-living.com\/pt-pt\/contactar-nos-2\/#breadcrumb","itemListElement":[{"@type":"ListItem","position":1,"name":"Home","item":"https:\/\/unit-living.com\/pt-pt\/"},{"@type":"ListItem","position":2,"name":"Contactar-nos."}]},{"@type":"WebSite","@id":"https:\/\/unit-living.com\/pt-pt\/#website","url":"https:\/\/unit-living.com\/pt-pt\/","name":"UNIT","description":"prefab housing for hoteliers and landowners","publisher":{"@id":"https:\/\/unit-living.com\/pt-pt\/#organization"},"potentialAction":[{"@type":"SearchAction","target":{"@type":"EntryPoint","urlTemplate":"https:\/\/unit-living.com\/pt-pt\/?s={search_term_string}"},"query-input":{"@type":"PropertyValueSpecification","valueRequired":true,"valueName":"search_term_string"}}],"inLanguage":"pt-PT"},{"@type":"Organization","@id":"https:\/\/unit-living.com\/pt-pt\/#organization","name":"UNIT","url":"https:\/\/unit-living.com\/pt-pt\/","logo":{"@type":"ImageObject","inLanguage":"pt-PT","@id":"https:\/\/unit-living.com\/pt-pt\/#\/schema\/logo\/image\/","url":"https:\/\/unit-living.com\/wp-content\/uploads\/2023\/12\/UNIT_logoblack.png","contentUrl":"https:\/\/unit-living.com\/wp-content\/uploads\/2023\/12\/UNIT_logoblack.png","width":710,"height":237,"caption":"UNIT"},"image":{"@id":"https:\/\/unit-living.com\/pt-pt\/#\/schema\/logo\/image\/"},"sameAs":["https:\/\/www.linkedin.com\/company\/unit-living\/"]}]}},"_links":{"self":[{"href":"https:\/\/unit-living.com\/pt-pt\/wp-json\/wp\/v2\/pages\/7000","targetHints":{"allow":["GET"]}}],"collection":[{"href":"https:\/\/unit-living.com\/pt-pt\/wp-json\/wp\/v2\/pages"}],"about":[{"href":"https:\/\/unit-living.com\/pt-pt\/wp-json\/wp\/v2\/types\/page"}],"author":[{"embeddable":true,"href":"https:\/\/unit-living.com\/pt-pt\/wp-json\/wp\/v2\/users\/1"}],"replies":[{"embeddable":true,"href":"https:\/\/unit-living.com\/pt-pt\/wp-json\/wp\/v2\/comments?post=7000"}],"version-history":[{"count":0,"href":"https:\/\/unit-living.com\/pt-pt\/wp-json\/wp\/v2\/pages\/7000\/revisions"}],"wp:attachment":[{"href":"https:\/\/unit-living.com\/pt-pt\/wp-json\/wp\/v2\/media?parent=7000"}],"curies":[{"name":"wp","href":"https:\/\/api.w.org\/{rel}","templated":true}]}}