{"id":6977,"date":"2023-12-10T22:28:48","date_gmt":"2023-12-10T22:28:48","guid":{"rendered":"https:\/\/unit-living.com\/a-nossa-oferta\/"},"modified":"2024-05-24T14:55:42","modified_gmt":"2024-05-24T13:55:42","slug":"a-nossa-oferta","status":"publish","type":"page","link":"https:\/\/unit-living.com\/pt-pt\/a-nossa-oferta\/","title":{"rendered":"A nossa oferta"},"content":{"rendered":"\t\t<div data-elementor-type=\"wp-page\" data-elementor-id=\"6977\" class=\"elementor elementor-6977 elementor-4998\">\n\t\t\t\t\t\t<section class=\"elementor-section elementor-top-section elementor-element elementor-element-53f7243 n-gega-container--wide elementor-section-boxed elementor-section-height-default elementor-section-height-default elementor-invisible\" data-id=\"53f7243\" data-element_type=\"section\" data-e-type=\"section\" data-settings=\"{&quot;animation&quot;:&quot;h-neuron-animation--fadeIn&quot;}\">\n\t\t\t\t\t\t<div class=\"elementor-container elementor-column-gap-no\">\n\t\t\t\t\t<div class=\"elementor-column elementor-col-50 elementor-top-column elementor-element elementor-element-cb271e1\" data-id=\"cb271e1\" data-element_type=\"column\" data-e-type=\"column\">\n\t\t\t<div class=\"elementor-widget-wrap elementor-element-populated\">\n\t\t\t\t\t\t<div class=\"elementor-element elementor-element-9793761 elementor-invisible elementor-widget elementor-widget-heading\" data-id=\"9793761\" data-element_type=\"widget\" data-e-type=\"widget\" data-settings=\"{&quot;_animation&quot;:&quot;h-neuron-animation--fadeIn&quot;}\" data-widget_type=\"heading.default\">\n\t\t\t\t<div class=\"elementor-widget-container\">\n\t\t\t\t\t<h2 class=\"elementor-heading-title elementor-size-default\">R\u00c1PIDO E SEM COMPLICA\u00c7\u00d5ES<\/h2>\t\t\t\t<\/div>\n\t\t\t\t<\/div>\n\t\t\t\t\t<\/div>\n\t\t<\/div>\n\t\t\t\t<div class=\"elementor-column elementor-col-50 elementor-top-column elementor-element elementor-element-7a1b484\" data-id=\"7a1b484\" data-element_type=\"column\" data-e-type=\"column\">\n\t\t\t<div class=\"elementor-widget-wrap elementor-element-populated\">\n\t\t\t\t\t\t<div class=\"elementor-element elementor-element-2b3ccd8 elementor-invisible elementor-widget elementor-widget-heading\" data-id=\"2b3ccd8\" data-element_type=\"widget\" data-e-type=\"widget\" data-settings=\"{&quot;_animation&quot;:&quot;h-neuron-animation--fadeIn&quot;}\" data-widget_type=\"heading.default\">\n\t\t\t\t<div class=\"elementor-widget-container\">\n\t\t\t\t\t<h2 class=\"elementor-heading-title elementor-size-default\">A constru\u00e7\u00e3o tradicional \u00e9 demorada, cara e bastante imprevis\u00edvel. A UNIT muda isso com um pre\u00e7o fixo e prazo de entrega garantido. O nosso processo \u201csem constru\u00e7\u00e3o\u201d significa que enviamos-lhe uma casa completamente acabada e a colocamos no seu terreno, sem constru\u00e7\u00e3o ou montagem no local.<\/h2>\t\t\t\t<\/div>\n\t\t\t\t<\/div>\n\t\t\t\t\t<\/div>\n\t\t<\/div>\n\t\t\t\t\t<\/div>\n\t\t<\/section>\n\t\t<div class=\"elementor-element elementor-element-7b2e908 e-con-full e-flex e-con e-parent\" data-id=\"7b2e908\" data-element_type=\"container\" data-e-type=\"container\">\n\t\t\t\t<div class=\"elementor-element elementor-element-edbe67e elementor-widget elementor-widget-image\" data-id=\"edbe67e\" data-element_type=\"widget\" data-e-type=\"widget\" data-widget_type=\"image.default\">\n\t\t\t\t<div class=\"elementor-widget-container\">\n\t\t\t\t\t\t\t\t\t\t\t\t\t\t\t<img fetchpriority=\"high\" decoding=\"async\" width=\"2662\" height=\"212\" src=\"https:\/\/unit-living.com\/wp-content\/uploads\/2023\/12\/UNIT-TIMELINE.png\" class=\"attachment-full size-full wp-image-6787\" alt=\"\" srcset=\"https:\/\/unit-living.com\/wp-content\/uploads\/2023\/12\/UNIT-TIMELINE.png 2662w, https:\/\/unit-living.com\/wp-content\/uploads\/2023\/12\/UNIT-TIMELINE-300x24.png 300w, https:\/\/unit-living.com\/wp-content\/uploads\/2023\/12\/UNIT-TIMELINE-1024x82.png 1024w, https:\/\/unit-living.com\/wp-content\/uploads\/2023\/12\/UNIT-TIMELINE-768x61.png 768w, https:\/\/unit-living.com\/wp-content\/uploads\/2023\/12\/UNIT-TIMELINE-1536x122.png 1536w, https:\/\/unit-living.com\/wp-content\/uploads\/2023\/12\/UNIT-TIMELINE-2048x163.png 2048w, https:\/\/unit-living.com\/wp-content\/uploads\/2023\/12\/UNIT-TIMELINE-600x48.png 600w\" sizes=\"(max-width: 2662px) 100vw, 2662px\" \/>\t\t\t\t\t\t\t\t\t\t\t\t\t\t\t<\/div>\n\t\t\t\t<\/div>\n\t\t<div class=\"elementor-element elementor-element-59ef939 e-flex e-con-boxed e-con e-child\" data-id=\"59ef939\" data-element_type=\"container\" data-e-type=\"container\">\n\t\t\t\t\t<div class=\"e-con-inner\">\n\t\t<div class=\"elementor-element elementor-element-42a73be e-con-full e-flex e-con e-child\" data-id=\"42a73be\" data-element_type=\"container\" data-e-type=\"container\">\n\t\t\t\t<div class=\"elementor-element elementor-element-a830096 elementor-widget elementor-widget-text-editor\" data-id=\"a830096\" data-element_type=\"widget\" data-e-type=\"widget\" data-widget_type=\"text-editor.default\">\n\t\t\t\t<div class=\"elementor-widget-container\">\n\t\t\t\t\t\t\t\t\t<p><strong>Possibilidades<\/strong><br \/><span style=\"font-weight: 400;\">As UNITS s\u00e3o projetadas para cumprir todos os padr\u00f5es regulamentares, agilizando o seu processo de licenciamento. Podemos fornecer servi\u00e7os de viabilidade e licenciamento no menor tempo poss\u00edvel.<\/span><\/p>\t\t\t\t\t\t\t\t<\/div>\n\t\t\t\t<\/div>\n\t\t\t\t<\/div>\n\t\t<div class=\"elementor-element elementor-element-5822456 e-con-full e-flex e-con e-child\" data-id=\"5822456\" data-element_type=\"container\" data-e-type=\"container\">\n\t\t\t\t<div class=\"elementor-element elementor-element-2e5855b elementor-widget elementor-widget-text-editor\" data-id=\"2e5855b\" data-element_type=\"widget\" data-e-type=\"widget\" data-widget_type=\"text-editor.default\">\n\t\t\t\t<div class=\"elementor-widget-container\">\n\t\t\t\t\t\t\t\t\t<p><strong>Produ\u00e7\u00e3o<\/strong><br \/><span style=\"font-weight: 400;\">As UNITS s\u00e3o feitas por encomenda, com um tempo de produ\u00e7\u00e3o e envio de 12 semanas. Todas as etapas de produ\u00e7\u00e3o, at\u00e9 a finaliza\u00e7\u00e3o, ocorrem na nossa f\u00e1brica, garantindo o mais alto n\u00edvel de controlo de qualidade.<\/span><\/p>\t\t\t\t\t\t\t\t<\/div>\n\t\t\t\t<\/div>\n\t\t\t\t<\/div>\n\t\t<div class=\"elementor-element elementor-element-a24b39a e-con-full e-flex e-con e-child\" data-id=\"a24b39a\" data-element_type=\"container\" data-e-type=\"container\">\n\t\t\t\t<div class=\"elementor-element elementor-element-41caf39 elementor-widget elementor-widget-text-editor\" data-id=\"41caf39\" data-element_type=\"widget\" data-e-type=\"widget\" data-widget_type=\"text-editor.default\">\n\t\t\t\t<div class=\"elementor-widget-container\">\n\t\t\t\t\t\t\t\t\t<strong>Envio e entrega<\/strong>\n<p><span style=\"font-weight: 400;\">As UNITS s\u00e3o otimizadas para transporte padr\u00e3o. Enviamo-las totalmente montadas por cami\u00e3o e colocamo-las diretamente no seu local.<\/span>\t\t\t\t\t\t\t\t<\/div>\n\t\t\t\t<\/div>\n\t\t\t\t<\/div>\n\t\t\t\t\t<\/div>\n\t\t\t\t<\/div>\n\t\t\t\t<\/div>\n\t\t<div class=\"elementor-element elementor-element-7a097d5 e-flex e-con-boxed e-con e-parent\" data-id=\"7a097d5\" data-element_type=\"container\" data-e-type=\"container\">\n\t\t\t\t\t<div class=\"e-con-inner\">\n\t\t<div class=\"elementor-element elementor-element-c74289b e-con-full e-flex e-con e-child\" data-id=\"c74289b\" data-element_type=\"container\" data-e-type=\"container\">\n\t\t\t\t<div class=\"elementor-element elementor-element-5c470f9 elementor-invisible elementor-widget elementor-widget-heading\" data-id=\"5c470f9\" data-element_type=\"widget\" data-e-type=\"widget\" data-settings=\"{&quot;_animation&quot;:&quot;h-neuron-animation--fadeIn&quot;}\" data-widget_type=\"heading.default\">\n\t\t\t\t<div class=\"elementor-widget-container\">\n\t\t\t\t\t<h2 class=\"elementor-heading-title elementor-size-default\">INVAS\u00c3O M\u00cdNIMA,\n<p>\nSTRESS M\u00cdNIMO<\/h2>\t\t\t\t<\/div>\n\t\t\t\t<\/div>\n\t\t\t\t<\/div>\n\t\t<div class=\"elementor-element elementor-element-c32eb0f e-con-full e-flex e-con e-child\" data-id=\"c32eb0f\" data-element_type=\"container\" data-e-type=\"container\">\n\t\t\t\t<div class=\"elementor-element elementor-element-f137333 elementor-widget elementor-widget-image\" data-id=\"f137333\" data-element_type=\"widget\" data-e-type=\"widget\" data-widget_type=\"image.default\">\n\t\t\t\t<div class=\"elementor-widget-container\">\n\t\t\t\t\t\t\t\t\t\t\t\t\t\t\t<img decoding=\"async\" width=\"3115\" height=\"1078\" src=\"https:\/\/unit-living.com\/wp-content\/uploads\/2024\/01\/UNIT-CRANE.png\" class=\"attachment-full size-full wp-image-6803\" alt=\"\" srcset=\"https:\/\/unit-living.com\/wp-content\/uploads\/2024\/01\/UNIT-CRANE.png 3115w, https:\/\/unit-living.com\/wp-content\/uploads\/2024\/01\/UNIT-CRANE-300x104.png 300w, https:\/\/unit-living.com\/wp-content\/uploads\/2024\/01\/UNIT-CRANE-1024x354.png 1024w, https:\/\/unit-living.com\/wp-content\/uploads\/2024\/01\/UNIT-CRANE-768x266.png 768w, https:\/\/unit-living.com\/wp-content\/uploads\/2024\/01\/UNIT-CRANE-1536x532.png 1536w, https:\/\/unit-living.com\/wp-content\/uploads\/2024\/01\/UNIT-CRANE-2048x709.png 2048w, https:\/\/unit-living.com\/wp-content\/uploads\/2024\/01\/UNIT-CRANE-600x208.png 600w\" sizes=\"(max-width: 3115px) 100vw, 3115px\" \/>\t\t\t\t\t\t\t\t\t\t\t\t\t\t\t<\/div>\n\t\t\t\t<\/div>\n\t\t\t\t<\/div>\n\t\t\t\t\t<\/div>\n\t\t\t\t<\/div>\n\t\t\t\t<section class=\"elementor-section elementor-top-section elementor-element elementor-element-44567e86 elementor-section-full_width elementor-section-height-default elementor-section-height-default elementor-invisible\" data-id=\"44567e86\" data-element_type=\"section\" data-e-type=\"section\" data-settings=\"{&quot;animation&quot;:&quot;h-neuron-animation--fadeIn&quot;}\">\n\t\t\t\t\t\t<div class=\"elementor-container elementor-column-gap-no\">\n\t\t\t\t\t<div class=\"elementor-column elementor-col-33 elementor-top-column elementor-element elementor-element-20f53a18\" data-id=\"20f53a18\" data-element_type=\"column\" data-e-type=\"column\" data-settings=\"{&quot;background_background&quot;:&quot;classic&quot;}\">\n\t\t\t<div class=\"elementor-widget-wrap elementor-element-populated\">\n\t\t\t\t\t\t<div class=\"elementor-element elementor-element-70d69ff7 elementor-widget elementor-widget-heading\" data-id=\"70d69ff7\" data-element_type=\"widget\" data-e-type=\"widget\" data-widget_type=\"heading.default\">\n\t\t\t\t<div class=\"elementor-widget-container\">\n\t\t\t\t\t<p class=\"elementor-heading-title elementor-size-default\">Queremos que entre rapidamente na sua casa de sonho e tire o m\u00e1ximo proveito dela. Estamos felizes em ajudar de todas as formas poss\u00edveis atrav\u00e9s da nossa gama de servi\u00e7os.\n<\/p>\t\t\t\t<\/div>\n\t\t\t\t<\/div>\n\t\t\t\t\t<\/div>\n\t\t<\/div>\n\t\t\t\t<div class=\"elementor-column elementor-col-33 elementor-top-column elementor-element elementor-element-4220f44c\" data-id=\"4220f44c\" data-element_type=\"column\" data-e-type=\"column\" data-settings=\"{&quot;background_background&quot;:&quot;classic&quot;}\">\n\t\t\t<div class=\"elementor-widget-wrap elementor-element-populated\">\n\t\t\t\t\t\t<div class=\"elementor-element elementor-element-c52f96d elementor-widget elementor-widget-heading\" data-id=\"c52f96d\" data-element_type=\"widget\" data-e-type=\"widget\" data-widget_type=\"heading.default\">\n\t\t\t\t<div class=\"elementor-widget-container\">\n\t\t\t\t\t<h2 class=\"elementor-heading-title elementor-size-default\">TRANQUILIDADE COMPLETA\n<\/h2>\t\t\t\t<\/div>\n\t\t\t\t<\/div>\n\t\t\t\t<div class=\"elementor-element elementor-element-1aab71db elementor-widget elementor-widget-heading\" data-id=\"1aab71db\" data-element_type=\"widget\" data-e-type=\"widget\" data-widget_type=\"heading.default\">\n\t\t\t\t<div class=\"elementor-widget-container\">\n\t\t\t\t\t<p class=\"elementor-heading-title elementor-size-default\"><a href=\"https:\/\/unit-living.com\/contact-us-2\/\"><p>Contacte-nos para:<p>\n- Assist\u00eancia no processo de licenciamento de constru\u00e7\u00e3o.<p>\n- Assist\u00eancia na prepara\u00e7\u00e3o do terreno.<p>\n- Cuidar das liga\u00e7\u00f5es de eletricidade, \u00e1gua, etc.<p>\n- Apoio em candidaturas a bolsas e subs\u00eddios.<p>\n- Comercializa\u00e7\u00e3o da sua propriedade.\n<\/a><\/p>\t\t\t\t<\/div>\n\t\t\t\t<\/div>\n\t\t\t\t\t<\/div>\n\t\t<\/div>\n\t\t\t\t<div class=\"elementor-column elementor-col-33 elementor-top-column elementor-element elementor-element-5c020fef\" data-id=\"5c020fef\" data-element_type=\"column\" data-e-type=\"column\" data-settings=\"{&quot;background_background&quot;:&quot;classic&quot;}\">\n\t\t\t<div class=\"elementor-widget-wrap elementor-element-populated\">\n\t\t\t\t\t\t<div class=\"elementor-element elementor-element-4702798d elementor-widget elementor-widget-heading\" data-id=\"4702798d\" data-element_type=\"widget\" data-e-type=\"widget\" data-widget_type=\"heading.default\">\n\t\t\t\t<div class=\"elementor-widget-container\">\n\t\t\t\t\t<h2 class=\"elementor-heading-title elementor-size-default\">AUMENTE A SUA MONETIZA\u00c7\u00c3O<\/h2>\t\t\t\t<\/div>\n\t\t\t\t<\/div>\n\t\t\t\t<div class=\"elementor-element elementor-element-f53807f elementor-widget elementor-widget-heading\" data-id=\"f53807f\" data-element_type=\"widget\" data-e-type=\"widget\" data-widget_type=\"heading.default\">\n\t\t\t\t<div class=\"elementor-widget-container\">\n\t\t\t\t\t<p class=\"elementor-heading-title elementor-size-default\">Quando se trata de branding e marketing, os fundadores da UNIT s\u00e3o provavelmente os melhores do setor. Quer seja um hoteleiro ou um propriet\u00e1rio privado que deseja rentabilizar a sua propriedade, contacte-nos para transformar a sua propriedade numa marca de destaque \u2013 alcan\u00e7ando um pre\u00e7o premium e maior ocupa\u00e7\u00e3o.<\/p>\t\t\t\t<\/div>\n\t\t\t\t<\/div>\n\t\t\t\t\t<\/div>\n\t\t<\/div>\n\t\t\t\t\t<\/div>\n\t\t<\/section>\n\t\t\t\t<\/div>\n\t\t","protected":false},"excerpt":{"rendered":"<p>R\u00c1PIDO E SEM COMPLICA\u00c7\u00d5ES A constru\u00e7\u00e3o tradicional \u00e9 demorada, cara e bastante imprevis\u00edvel. A UNIT muda isso com um pre\u00e7o fixo e prazo de entrega garantido. O nosso processo \u201csem constru\u00e7\u00e3o\u201d significa que enviamos-lhe uma casa completamente acabada e a colocamos no seu terreno, sem constru\u00e7\u00e3o ou montagem no local. PossibilidadesAs UNITS s\u00e3o projetadas para&#8230;<\/p>\n","protected":false},"author":1,"featured_media":0,"parent":0,"menu_order":0,"comment_status":"closed","ping_status":"closed","template":"","meta":{"footnotes":""},"class_list":["post-6977","page","type-page","status-publish","hentry"],"yoast_head":"<!-- This site is optimized with the Yoast SEO plugin v27.4 - https:\/\/yoast.com\/product\/yoast-seo-wordpress\/ -->\n<title>A nossa oferta - UNIT<\/title>\n<meta name=\"robots\" content=\"index, follow, max-snippet:-1, max-image-preview:large, max-video-preview:-1\" \/>\n<link rel=\"canonical\" href=\"https:\/\/unit-living.com\/pt-pt\/a-nossa-oferta\/\" \/>\n<meta property=\"og:locale\" content=\"pt_PT\" \/>\n<meta property=\"og:type\" content=\"article\" \/>\n<meta property=\"og:title\" content=\"A nossa oferta - UNIT\" \/>\n<meta property=\"og:description\" content=\"R\u00c1PIDO E SEM COMPLICA\u00c7\u00d5ES A constru\u00e7\u00e3o tradicional \u00e9 demorada, cara e bastante imprevis\u00edvel. A UNIT muda isso com um pre\u00e7o fixo e prazo de entrega garantido. O nosso processo \u201csem constru\u00e7\u00e3o\u201d significa que enviamos-lhe uma casa completamente acabada e a colocamos no seu terreno, sem constru\u00e7\u00e3o ou montagem no local. PossibilidadesAs UNITS s\u00e3o projetadas para...\" \/>\n<meta property=\"og:url\" content=\"https:\/\/unit-living.com\/pt-pt\/a-nossa-oferta\/\" \/>\n<meta property=\"og:site_name\" content=\"UNIT\" \/>\n<meta property=\"article:modified_time\" content=\"2024-05-24T13:55:42+00:00\" \/>\n<meta property=\"og:image\" content=\"https:\/\/unit-living.com\/wp-content\/uploads\/2023\/12\/UNIT-TIMELINE.png\" \/>\n<meta name=\"twitter:card\" content=\"summary_large_image\" \/>\n<meta name=\"twitter:label1\" content=\"Tempo estimado de leitura\" \/>\n\t<meta name=\"twitter:data1\" content=\"2 minutos\" \/>\n<script type=\"application\/ld+json\" class=\"yoast-schema-graph\">{\"@context\":\"https:\\\/\\\/schema.org\",\"@graph\":[{\"@type\":\"WebPage\",\"@id\":\"https:\\\/\\\/unit-living.com\\\/pt-pt\\\/a-nossa-oferta\\\/\",\"url\":\"https:\\\/\\\/unit-living.com\\\/pt-pt\\\/a-nossa-oferta\\\/\",\"name\":\"A nossa oferta - UNIT\",\"isPartOf\":{\"@id\":\"https:\\\/\\\/unit-living.com\\\/pt-pt\\\/#website\"},\"primaryImageOfPage\":{\"@id\":\"https:\\\/\\\/unit-living.com\\\/pt-pt\\\/a-nossa-oferta\\\/#primaryimage\"},\"image\":{\"@id\":\"https:\\\/\\\/unit-living.com\\\/pt-pt\\\/a-nossa-oferta\\\/#primaryimage\"},\"thumbnailUrl\":\"https:\\\/\\\/unit-living.com\\\/wp-content\\\/uploads\\\/2023\\\/12\\\/UNIT-TIMELINE.png\",\"datePublished\":\"2023-12-10T22:28:48+00:00\",\"dateModified\":\"2024-05-24T13:55:42+00:00\",\"breadcrumb\":{\"@id\":\"https:\\\/\\\/unit-living.com\\\/pt-pt\\\/a-nossa-oferta\\\/#breadcrumb\"},\"inLanguage\":\"pt-PT\",\"potentialAction\":[{\"@type\":\"ReadAction\",\"target\":[\"https:\\\/\\\/unit-living.com\\\/pt-pt\\\/a-nossa-oferta\\\/\"]}]},{\"@type\":\"ImageObject\",\"inLanguage\":\"pt-PT\",\"@id\":\"https:\\\/\\\/unit-living.com\\\/pt-pt\\\/a-nossa-oferta\\\/#primaryimage\",\"url\":\"https:\\\/\\\/unit-living.com\\\/wp-content\\\/uploads\\\/2023\\\/12\\\/UNIT-TIMELINE.png\",\"contentUrl\":\"https:\\\/\\\/unit-living.com\\\/wp-content\\\/uploads\\\/2023\\\/12\\\/UNIT-TIMELINE.png\"},{\"@type\":\"BreadcrumbList\",\"@id\":\"https:\\\/\\\/unit-living.com\\\/pt-pt\\\/a-nossa-oferta\\\/#breadcrumb\",\"itemListElement\":[{\"@type\":\"ListItem\",\"position\":1,\"name\":\"Home\",\"item\":\"https:\\\/\\\/unit-living.com\\\/pt-pt\\\/\"},{\"@type\":\"ListItem\",\"position\":2,\"name\":\"A nossa oferta\"}]},{\"@type\":\"WebSite\",\"@id\":\"https:\\\/\\\/unit-living.com\\\/pt-pt\\\/#website\",\"url\":\"https:\\\/\\\/unit-living.com\\\/pt-pt\\\/\",\"name\":\"UNIT\",\"description\":\"prefab housing for hoteliers and landowners\",\"publisher\":{\"@id\":\"https:\\\/\\\/unit-living.com\\\/pt-pt\\\/#organization\"},\"potentialAction\":[{\"@type\":\"SearchAction\",\"target\":{\"@type\":\"EntryPoint\",\"urlTemplate\":\"https:\\\/\\\/unit-living.com\\\/pt-pt\\\/?s={search_term_string}\"},\"query-input\":{\"@type\":\"PropertyValueSpecification\",\"valueRequired\":true,\"valueName\":\"search_term_string\"}}],\"inLanguage\":\"pt-PT\"},{\"@type\":\"Organization\",\"@id\":\"https:\\\/\\\/unit-living.com\\\/pt-pt\\\/#organization\",\"name\":\"UNIT\",\"url\":\"https:\\\/\\\/unit-living.com\\\/pt-pt\\\/\",\"logo\":{\"@type\":\"ImageObject\",\"inLanguage\":\"pt-PT\",\"@id\":\"https:\\\/\\\/unit-living.com\\\/pt-pt\\\/#\\\/schema\\\/logo\\\/image\\\/\",\"url\":\"https:\\\/\\\/unit-living.com\\\/wp-content\\\/uploads\\\/2023\\\/12\\\/UNIT_logoblack.png\",\"contentUrl\":\"https:\\\/\\\/unit-living.com\\\/wp-content\\\/uploads\\\/2023\\\/12\\\/UNIT_logoblack.png\",\"width\":710,\"height\":237,\"caption\":\"UNIT\"},\"image\":{\"@id\":\"https:\\\/\\\/unit-living.com\\\/pt-pt\\\/#\\\/schema\\\/logo\\\/image\\\/\"},\"sameAs\":[\"https:\\\/\\\/www.linkedin.com\\\/company\\\/unit-living\\\/\"]}]}<\/script>\n<!-- \/ Yoast SEO plugin. -->","yoast_head_json":{"title":"A nossa oferta - UNIT","robots":{"index":"index","follow":"follow","max-snippet":"max-snippet:-1","max-image-preview":"max-image-preview:large","max-video-preview":"max-video-preview:-1"},"canonical":"https:\/\/unit-living.com\/pt-pt\/a-nossa-oferta\/","og_locale":"pt_PT","og_type":"article","og_title":"A nossa oferta - UNIT","og_description":"R\u00c1PIDO E SEM COMPLICA\u00c7\u00d5ES A constru\u00e7\u00e3o tradicional \u00e9 demorada, cara e bastante imprevis\u00edvel. A UNIT muda isso com um pre\u00e7o fixo e prazo de entrega garantido. O nosso processo \u201csem constru\u00e7\u00e3o\u201d significa que enviamos-lhe uma casa completamente acabada e a colocamos no seu terreno, sem constru\u00e7\u00e3o ou montagem no local. PossibilidadesAs UNITS s\u00e3o projetadas para...","og_url":"https:\/\/unit-living.com\/pt-pt\/a-nossa-oferta\/","og_site_name":"UNIT","article_modified_time":"2024-05-24T13:55:42+00:00","og_image":[{"url":"https:\/\/unit-living.com\/wp-content\/uploads\/2023\/12\/UNIT-TIMELINE.png","type":"","width":"","height":""}],"twitter_card":"summary_large_image","twitter_misc":{"Tempo estimado de leitura":"2 minutos"},"schema":{"@context":"https:\/\/schema.org","@graph":[{"@type":"WebPage","@id":"https:\/\/unit-living.com\/pt-pt\/a-nossa-oferta\/","url":"https:\/\/unit-living.com\/pt-pt\/a-nossa-oferta\/","name":"A nossa oferta - UNIT","isPartOf":{"@id":"https:\/\/unit-living.com\/pt-pt\/#website"},"primaryImageOfPage":{"@id":"https:\/\/unit-living.com\/pt-pt\/a-nossa-oferta\/#primaryimage"},"image":{"@id":"https:\/\/unit-living.com\/pt-pt\/a-nossa-oferta\/#primaryimage"},"thumbnailUrl":"https:\/\/unit-living.com\/wp-content\/uploads\/2023\/12\/UNIT-TIMELINE.png","datePublished":"2023-12-10T22:28:48+00:00","dateModified":"2024-05-24T13:55:42+00:00","breadcrumb":{"@id":"https:\/\/unit-living.com\/pt-pt\/a-nossa-oferta\/#breadcrumb"},"inLanguage":"pt-PT","potentialAction":[{"@type":"ReadAction","target":["https:\/\/unit-living.com\/pt-pt\/a-nossa-oferta\/"]}]},{"@type":"ImageObject","inLanguage":"pt-PT","@id":"https:\/\/unit-living.com\/pt-pt\/a-nossa-oferta\/#primaryimage","url":"https:\/\/unit-living.com\/wp-content\/uploads\/2023\/12\/UNIT-TIMELINE.png","contentUrl":"https:\/\/unit-living.com\/wp-content\/uploads\/2023\/12\/UNIT-TIMELINE.png"},{"@type":"BreadcrumbList","@id":"https:\/\/unit-living.com\/pt-pt\/a-nossa-oferta\/#breadcrumb","itemListElement":[{"@type":"ListItem","position":1,"name":"Home","item":"https:\/\/unit-living.com\/pt-pt\/"},{"@type":"ListItem","position":2,"name":"A nossa oferta"}]},{"@type":"WebSite","@id":"https:\/\/unit-living.com\/pt-pt\/#website","url":"https:\/\/unit-living.com\/pt-pt\/","name":"UNIT","description":"prefab housing for hoteliers and landowners","publisher":{"@id":"https:\/\/unit-living.com\/pt-pt\/#organization"},"potentialAction":[{"@type":"SearchAction","target":{"@type":"EntryPoint","urlTemplate":"https:\/\/unit-living.com\/pt-pt\/?s={search_term_string}"},"query-input":{"@type":"PropertyValueSpecification","valueRequired":true,"valueName":"search_term_string"}}],"inLanguage":"pt-PT"},{"@type":"Organization","@id":"https:\/\/unit-living.com\/pt-pt\/#organization","name":"UNIT","url":"https:\/\/unit-living.com\/pt-pt\/","logo":{"@type":"ImageObject","inLanguage":"pt-PT","@id":"https:\/\/unit-living.com\/pt-pt\/#\/schema\/logo\/image\/","url":"https:\/\/unit-living.com\/wp-content\/uploads\/2023\/12\/UNIT_logoblack.png","contentUrl":"https:\/\/unit-living.com\/wp-content\/uploads\/2023\/12\/UNIT_logoblack.png","width":710,"height":237,"caption":"UNIT"},"image":{"@id":"https:\/\/unit-living.com\/pt-pt\/#\/schema\/logo\/image\/"},"sameAs":["https:\/\/www.linkedin.com\/company\/unit-living\/"]}]}},"_links":{"self":[{"href":"https:\/\/unit-living.com\/pt-pt\/wp-json\/wp\/v2\/pages\/6977","targetHints":{"allow":["GET"]}}],"collection":[{"href":"https:\/\/unit-living.com\/pt-pt\/wp-json\/wp\/v2\/pages"}],"about":[{"href":"https:\/\/unit-living.com\/pt-pt\/wp-json\/wp\/v2\/types\/page"}],"author":[{"embeddable":true,"href":"https:\/\/unit-living.com\/pt-pt\/wp-json\/wp\/v2\/users\/1"}],"replies":[{"embeddable":true,"href":"https:\/\/unit-living.com\/pt-pt\/wp-json\/wp\/v2\/comments?post=6977"}],"version-history":[{"count":0,"href":"https:\/\/unit-living.com\/pt-pt\/wp-json\/wp\/v2\/pages\/6977\/revisions"}],"wp:attachment":[{"href":"https:\/\/unit-living.com\/pt-pt\/wp-json\/wp\/v2\/media?parent=6977"}],"curies":[{"name":"wp","href":"https:\/\/api.w.org\/{rel}","templated":true}]}}