{"id":6954,"date":"2023-01-13T16:15:56","date_gmt":"2023-01-13T16:15:56","guid":{"rendered":"https:\/\/unit-living.com\/portfolio-simples\/"},"modified":"2024-03-02T15:42:26","modified_gmt":"2024-03-02T15:42:26","slug":"portfolio-simples","status":"publish","type":"page","link":"https:\/\/unit-living.com\/pt-pt\/portfolio-simples\/","title":{"rendered":"Portf\u00f3lio simples"},"content":{"rendered":"\t\t<div data-elementor-type=\"wp-page\" data-elementor-id=\"6954\" class=\"elementor elementor-6954 elementor-470\">\n\t\t\t\t\t\t<section class=\"elementor-section elementor-top-section elementor-element elementor-element-2503ac3 elementor-section-full_width elementor-section-height-default elementor-section-height-default\" data-id=\"2503ac3\" data-element_type=\"section\" data-e-type=\"section\">\n\t\t\t\t\t\t<div class=\"elementor-container elementor-column-gap-no\">\n\t\t\t\t\t<div class=\"elementor-column elementor-col-100 elementor-top-column elementor-element elementor-element-00e7b1f\" data-id=\"00e7b1f\" data-element_type=\"column\" data-e-type=\"column\">\n\t\t\t<div class=\"elementor-widget-wrap elementor-element-populated\">\n\t\t\t\t\t\t<div class=\"elementor-element elementor-element-69be3fb neuron-dots--animation__none neuron-slides--direction-horizontal neuron-arrows-animation--none neuron-dots--style__bullets neuron-dots--orientation__horizontal elementor-invisible elementor-widget elementor-widget-neuron-slides\" data-id=\"69be3fb\" data-element_type=\"widget\" data-e-type=\"widget\" data-settings=\"{&quot;_animation&quot;:&quot;none&quot;,&quot;navigation&quot;:&quot;arrows-dots&quot;,&quot;infinite&quot;:&quot;yes&quot;,&quot;pause_on_hover&quot;:&quot;yes&quot;,&quot;keyboard_navigation&quot;:&quot;yes&quot;,&quot;slide_direction&quot;:&quot;horizontal&quot;,&quot;autoplay&quot;:&quot;no&quot;,&quot;animation&quot;:&quot;yes&quot;,&quot;neuron_animations&quot;:&quot;h-neuron-animation--slideUp&quot;,&quot;animation_delay&quot;:200,&quot;transition&quot;:&quot;slide&quot;,&quot;transition_speed&quot;:500,&quot;arrows_hover_animation&quot;:&quot;none&quot;,&quot;dots_style&quot;:&quot;bullets&quot;}\" data-widget_type=\"neuron-slides.default\">\n\t\t\t\t<div class=\"elementor-widget-container\">\n\t\t\t\t\t\t\t<div class=\"neuron-swiper\">\r\n\t\t\t<div class=\"neuron-slides-wrapper neuron-main-swiper swiper-container\" data-animation-id=\"ce94652c2f83c21d638299a6ba4758ca\">\r\n\t\t\t\t<div class=\"swiper-wrapper neuron-slides\">\r\n\t\t\t\t\t<div class=\"elementor-repeater-item-f6c97df swiper-slide\"><div class=\"swiper-slide--background\"><\/div>\r\n\t\t\t\t\t\t\t\t<a href=\"https:\/\/neuronthemes.com\/gega\/portfolio\/hey-there-delilah\/\" class=\"swiper-slide--inner\">\r\n\t\t\t\t\t\t\t\t<div class=\"neuron-slide-content\"><div class=\"neuron-slide-heading neuron-slide-animation\" >N\u00f3s fazemos  <br>coisas criativas.<\/div><div class=\"neuron-slide-description neuron-slide-animation\" ><p>Crie um s\u00edtio Web que se destaque! Gega \u00e9<br \/>\nperfeito para criativos.<\/p>\n<\/div><div  class=\"button neuron-slide-button neuron-slide-animation\" >saber mais<\/div><\/div><\/a><\/div><div class=\"elementor-repeater-item-63640db swiper-slide\"><div class=\"swiper-slide--background\"><\/div>\r\n\t\t\t\t\t\t\t\t<a href=\"https:\/\/neuronthemes.com\/gega\/portfolio\/beatles-shadows\/\" class=\"swiper-slide--inner\">\r\n\t\t\t\t\t\t\t\t<div class=\"neuron-slide-content\"><div class=\"neuron-slide-heading neuron-slide-animation\" >Somos a  <br>  pr\u00f3xima gera\u00e7\u00e3o  <\/div><div class=\"neuron-slide-description neuron-slide-animation\" ><p>Venha conhecer o mundo do digital  <br \/>  marketing.<\/p>\n<\/div><div  class=\"button neuron-slide-button neuron-slide-animation\" >saber mais<\/div><\/div><\/a><\/div><div class=\"elementor-repeater-item-dfe968b swiper-slide\"><div class=\"swiper-slide--background\"><\/div>\r\n\t\t\t\t\t\t\t\t<a href=\"https:\/\/neuronthemes.com\/gega\/portfolio\/first-wizards\/\" class=\"swiper-slide--inner\">\r\n\t\t\t\t\t\t\t\t<div class=\"neuron-slide-content\"><div class=\"neuron-slide-heading neuron-slide-animation\" >A sua nova casa<br>  est\u00e1 para vir.<\/div><div class=\"neuron-slide-description neuron-slide-animation\" ><p>As mentes inovadoras est\u00e3o a descobrir um futuro melhor.<\/p>\n<\/div><div  class=\"button neuron-slide-button neuron-slide-animation\" >saber mais<\/div><\/div><\/a><\/div>\t\t\t\t<\/div>\r\n\t\t\t<\/div>\r\n\r\n\t\t\t\r\n\t\t\t\t\r\n\t\t\t\t\t\t\t\t\t<div class=\"swiper-pagination neuron-swiper-dots\"><\/div>\r\n\t\t\t\t\t\t\t\t\r\n\t\t\t\t\t\t\t\t\t<div class=\"neuron-swiper-button neuron-swiper-button--prev\">\r\n\t\t\t\t\t\t\t\t\t\t\t\t\t<div class=\"neuron-icon\"><\/div>\r\n\t\t\t\t\t\t\t\t\t\t\t\t<span class=\"neuron-swiper-button--hidden\">Previous<\/span>\r\n\t\t\t\t\t<\/div>\r\n\t\t\t\t\t<div class=\"neuron-swiper-button neuron-swiper-button--next\">\r\n\t\t\t\t\t\t\t\t\t\t\t\t\t<div class=\"neuron-icon\"><\/div>\r\n\t\t\t\t\t\t\t\t\t\t\t\t<span class=\"neuron-swiper-button--hidden\">Next<\/span>\r\n\t\t\t\t\t<\/div>\r\n\t\t\t\t\r\n\t\t\t\t\t<\/div>\r\n\t\t\t\t\t\t<\/div>\n\t\t\t\t<\/div>\n\t\t\t\t\t<\/div>\n\t\t<\/div>\n\t\t\t\t\t<\/div>\n\t\t<\/section>\n\t\t\t\t<section class=\"elementor-section elementor-top-section elementor-element elementor-element-a5fb4ac elementor-section-full_width elementor-section-height-default elementor-section-height-default elementor-invisible\" data-id=\"a5fb4ac\" data-element_type=\"section\" data-e-type=\"section\" data-settings=\"{&quot;animation&quot;:&quot;h-neuron-animation--fadeIn&quot;}\">\n\t\t\t\t\t\t<div class=\"elementor-container elementor-column-gap-no\">\n\t\t\t\t\t<div class=\"elementor-column elementor-col-100 elementor-top-column elementor-element elementor-element-aef8f86\" data-id=\"aef8f86\" data-element_type=\"column\" data-e-type=\"column\">\n\t\t\t<div class=\"elementor-widget-wrap elementor-element-populated\">\n\t\t\t\t\t\t<div class=\"elementor-element elementor-element-73eaee2 elementor-widget elementor-widget-neuron-scrolling-text\" data-id=\"73eaee2\" data-element_type=\"widget\" data-e-type=\"widget\" data-widget_type=\"neuron-scrolling-text.default\">\n\t\t\t\t<div class=\"elementor-widget-container\">\n\t\t\t\t\t            <div class=\"a-scrolling-text\">\r\n                <div class=\"a-scrolling-text__inner\">\r\n                    <h2 class=\"elementor-heading-title elementor-size-default\">get creative with us  <span style=\"color: #33AD5F\">\u2737<\/span><\/h2><h2 class=\"elementor-heading-title elementor-size-default\">get creative with us  <span style=\"color: #33AD5F\">\u2737<\/span><\/h2><h2 class=\"elementor-heading-title elementor-size-default\">get creative with us  <span style=\"color: #33AD5F\">\u2737<\/span><\/h2><h2 class=\"elementor-heading-title elementor-size-default\">get creative with us  <span style=\"color: #33AD5F\">\u2737<\/span><\/h2><h2 class=\"elementor-heading-title elementor-size-default\">get creative with us  <span style=\"color: #33AD5F\">\u2737<\/span><\/h2><h2 class=\"elementor-heading-title elementor-size-default\">get creative with us  <span style=\"color: #33AD5F\">\u2737<\/span><\/h2><h2 class=\"elementor-heading-title elementor-size-default\">get creative with us  <span style=\"color: #33AD5F\">\u2737<\/span><\/h2><h2 class=\"elementor-heading-title elementor-size-default\">get creative with us  <span style=\"color: #33AD5F\">\u2737<\/span><\/h2><h2 class=\"elementor-heading-title elementor-size-default\">get creative with us  <span style=\"color: #33AD5F\">\u2737<\/span><\/h2><h2 class=\"elementor-heading-title elementor-size-default\">get creative with us  <span style=\"color: #33AD5F\">\u2737<\/span><\/h2><h2 class=\"elementor-heading-title elementor-size-default\">get creative with us  <span style=\"color: #33AD5F\">\u2737<\/span><\/h2><h2 class=\"elementor-heading-title elementor-size-default\">get creative with us  <span style=\"color: #33AD5F\">\u2737<\/span><\/h2><h2 class=\"elementor-heading-title elementor-size-default\">get creative with us  <span style=\"color: #33AD5F\">\u2737<\/span><\/h2><h2 class=\"elementor-heading-title elementor-size-default\">get creative with us  <span style=\"color: #33AD5F\">\u2737<\/span><\/h2><h2 class=\"elementor-heading-title elementor-size-default\">get creative with us  <span style=\"color: #33AD5F\">\u2737<\/span><\/h2>                <\/div>\r\n            <\/div>\r\n        \t\t\t\t<\/div>\n\t\t\t\t<\/div>\n\t\t\t\t\t<\/div>\n\t\t<\/div>\n\t\t\t\t\t<\/div>\n\t\t<\/section>\n\t\t\t\t<section class=\"elementor-section elementor-top-section elementor-element elementor-element-a01e5c5 elementor-section-full_width elementor-section-height-default elementor-section-height-default\" data-id=\"a01e5c5\" data-element_type=\"section\" data-e-type=\"section\">\n\t\t\t\t\t\t<div class=\"elementor-container elementor-column-gap-no\">\n\t\t\t\t\t<div class=\"elementor-column elementor-col-100 elementor-top-column elementor-element elementor-element-c61a694 elementor-invisible\" data-id=\"c61a694\" data-element_type=\"column\" data-e-type=\"column\" data-settings=\"{&quot;animation&quot;:&quot;h-neuron-animation--fadeIn&quot;}\">\n\t\t\t<div class=\"elementor-widget-wrap elementor-element-populated\">\n\t\t\t\t\t\t<div class=\"elementor-element elementor-element-cd4f096 l-neuron-grid-wrapper--columns__2 l-neuron-grid-wrapper-tablet--columns__2 l-neuron-grid-wrapper-mobile--columns__1 m-neuron-posts--thumbnail-top m-neuron-posts--layout-grid elementor-invisible elementor-widget elementor-widget-neuron-posts\" data-id=\"cd4f096\" data-element_type=\"widget\" data-e-type=\"widget\" data-settings=\"{&quot;columns&quot;:&quot;2&quot;,&quot;row_gap&quot;:{&quot;unit&quot;:&quot;px&quot;,&quot;size&quot;:0,&quot;sizes&quot;:[]},&quot;columns_tablet&quot;:&quot;2&quot;,&quot;columns_mobile&quot;:&quot;1&quot;,&quot;carousel&quot;:&quot;no&quot;,&quot;layout&quot;:&quot;grid&quot;,&quot;pagination&quot;:&quot;none&quot;,&quot;row_gap_laptop&quot;:{&quot;unit&quot;:&quot;px&quot;,&quot;size&quot;:&quot;&quot;,&quot;sizes&quot;:[]},&quot;row_gap_tablet&quot;:{&quot;unit&quot;:&quot;px&quot;,&quot;size&quot;:&quot;&quot;,&quot;sizes&quot;:[]},&quot;row_gap_mobile&quot;:{&quot;unit&quot;:&quot;px&quot;,&quot;size&quot;:&quot;&quot;,&quot;sizes&quot;:[]},&quot;animation&quot;:&quot;yes&quot;,&quot;neuron_animations&quot;:&quot;h-neuron-animation--slideUp&quot;,&quot;neuron_animations_duration&quot;:&quot;animated&quot;,&quot;animation_delay&quot;:0}\" data-widget_type=\"neuron-posts.default\">\n\t\t\t\t<div class=\"elementor-widget-container\">\n\t\t\t\t\t\t\t\t\t\t\t<div class=\"l-neuron-grid\" data-masonry-id=\"63f54fd116883ce6c3bb5ef72c58cf4f\">\r\n\t\t\t\t\t\t\t\t\t<\/div>\r\n\t\t\t\r\n\t\t\t\t\t\t<\/div>\n\t\t\t\t<\/div>\n\t\t\t\t\t<\/div>\n\t\t<\/div>\n\t\t\t\t\t<\/div>\n\t\t<\/section>\n\t\t\t\t<section class=\"elementor-section elementor-top-section elementor-element elementor-element-26c4e1e elementor-section-boxed elementor-section-height-default elementor-section-height-default elementor-invisible\" data-id=\"26c4e1e\" data-element_type=\"section\" data-e-type=\"section\" data-settings=\"{&quot;animation&quot;:&quot;h-neuron-animation--fadeIn&quot;}\">\n\t\t\t\t\t\t<div class=\"elementor-container elementor-column-gap-default\">\n\t\t\t\t\t<div class=\"elementor-column elementor-col-100 elementor-top-column elementor-element elementor-element-f345b56\" data-id=\"f345b56\" data-element_type=\"column\" data-e-type=\"column\">\n\t\t\t<div class=\"elementor-widget-wrap elementor-element-populated\">\n\t\t\t\t\t\t<div class=\"elementor-element elementor-element-c6eaf42 elementor-widget elementor-widget-heading\" data-id=\"c6eaf42\" data-element_type=\"widget\" data-e-type=\"widget\" data-widget_type=\"heading.default\">\n\t\t\t\t<div class=\"elementor-widget-container\">\n\t\t\t\t\t<h2 class=\"elementor-heading-title elementor-size-default\">Ainda n\u00e3o est\u00e1 convencido? N\u00e3o se preocupem. Eu<br>\ntenho mais trabalho para vos mostrar.<\/h2>\t\t\t\t<\/div>\n\t\t\t\t<\/div>\n\t\t\t\t<div class=\"elementor-element elementor-element-9d94195 elementor-align-center elementor-widget elementor-widget-button\" data-id=\"9d94195\" data-element_type=\"widget\" data-e-type=\"widget\" data-widget_type=\"button.default\">\n\t\t\t\t<div class=\"elementor-widget-container\">\n\t\t\t\t\t\t\t\t\t<div class=\"elementor-button-wrapper\">\n\t\t\t\t\t<a class=\"elementor-button elementor-button-link elementor-size-sm\" href=\"#\">\n\t\t\t\t\t\t<span class=\"elementor-button-content-wrapper\">\n\t\t\t\t\t\t\t\t\t<span class=\"elementor-button-text\">Ver todos os trabalhos<\/span>\n\t\t\t\t\t<\/span>\n\t\t\t\t\t<\/a>\n\t\t\t\t<\/div>\n\t\t\t\t\t\t\t\t<\/div>\n\t\t\t\t<\/div>\n\t\t\t\t\t<\/div>\n\t\t<\/div>\n\t\t\t\t\t<\/div>\n\t\t<\/section>\n\t\t\t\t<\/div>\n\t\t","protected":false},"excerpt":{"rendered":"<p>N\u00f3s fazemos coisas criativas. Crie um s\u00edtio Web que se destaque! Gega \u00e9 perfeito para criativos. saber mais Somos a pr\u00f3xima gera\u00e7\u00e3o Venha conhecer o mundo do digital marketing. saber mais A sua nova casa est\u00e1 para vir. As mentes inovadoras est\u00e3o a descobrir um futuro melhor. saber mais Previous Next get creative with us&#8230;<\/p>\n","protected":false},"author":1,"featured_media":0,"parent":0,"menu_order":0,"comment_status":"closed","ping_status":"closed","template":"","meta":{"footnotes":""},"class_list":["post-6954","page","type-page","status-publish","hentry"],"yoast_head":"<!-- This site is optimized with the Yoast SEO plugin v27.4 - https:\/\/yoast.com\/product\/yoast-seo-wordpress\/ -->\n<title>Portf\u00f3lio simples - UNIT<\/title>\n<meta name=\"robots\" content=\"index, follow, max-snippet:-1, max-image-preview:large, max-video-preview:-1\" \/>\n<link rel=\"canonical\" href=\"https:\/\/unit-living.com\/pt-pt\/portfolio-simples\/\" \/>\n<meta property=\"og:locale\" content=\"pt_PT\" \/>\n<meta property=\"og:type\" content=\"article\" \/>\n<meta property=\"og:title\" content=\"Portf\u00f3lio simples - UNIT\" \/>\n<meta property=\"og:description\" content=\"N\u00f3s fazemos coisas criativas. Crie um s\u00edtio Web que se destaque! Gega \u00e9 perfeito para criativos. saber mais Somos a pr\u00f3xima gera\u00e7\u00e3o Venha conhecer o mundo do digital marketing. saber mais A sua nova casa est\u00e1 para vir. As mentes inovadoras est\u00e3o a descobrir um futuro melhor. saber mais Previous Next get creative with us...\" \/>\n<meta property=\"og:url\" content=\"https:\/\/unit-living.com\/pt-pt\/portfolio-simples\/\" \/>\n<meta property=\"og:site_name\" content=\"UNIT\" \/>\n<meta property=\"article:modified_time\" content=\"2024-03-02T15:42:26+00:00\" \/>\n<meta property=\"og:image\" content=\"https:\/\/unit-living.com\/wp-content\/uploads\/2023\/12\/UNIT-_-AXO-NEST.png\" \/>\n<meta name=\"twitter:card\" content=\"summary_large_image\" \/>\n<meta name=\"twitter:label1\" content=\"Tempo estimado de leitura\" \/>\n\t<meta name=\"twitter:data1\" content=\"1 minuto\" \/>\n<script type=\"application\/ld+json\" class=\"yoast-schema-graph\">{\"@context\":\"https:\\\/\\\/schema.org\",\"@graph\":[{\"@type\":\"WebPage\",\"@id\":\"https:\\\/\\\/unit-living.com\\\/pt-pt\\\/portfolio-simples\\\/\",\"url\":\"https:\\\/\\\/unit-living.com\\\/pt-pt\\\/portfolio-simples\\\/\",\"name\":\"Portf\u00f3lio simples - UNIT\",\"isPartOf\":{\"@id\":\"https:\\\/\\\/unit-living.com\\\/pt-pt\\\/#website\"},\"primaryImageOfPage\":{\"@id\":\"https:\\\/\\\/unit-living.com\\\/pt-pt\\\/portfolio-simples\\\/#primaryimage\"},\"image\":{\"@id\":\"https:\\\/\\\/unit-living.com\\\/pt-pt\\\/portfolio-simples\\\/#primaryimage\"},\"thumbnailUrl\":\"https:\\\/\\\/unit-living.com\\\/wp-content\\\/uploads\\\/2023\\\/12\\\/UNIT-_-AXO-NEST.png\",\"datePublished\":\"2023-01-13T16:15:56+00:00\",\"dateModified\":\"2024-03-02T15:42:26+00:00\",\"breadcrumb\":{\"@id\":\"https:\\\/\\\/unit-living.com\\\/pt-pt\\\/portfolio-simples\\\/#breadcrumb\"},\"inLanguage\":\"pt-PT\",\"potentialAction\":[{\"@type\":\"ReadAction\",\"target\":[\"https:\\\/\\\/unit-living.com\\\/pt-pt\\\/portfolio-simples\\\/\"]}]},{\"@type\":\"ImageObject\",\"inLanguage\":\"pt-PT\",\"@id\":\"https:\\\/\\\/unit-living.com\\\/pt-pt\\\/portfolio-simples\\\/#primaryimage\",\"url\":\"https:\\\/\\\/unit-living.com\\\/wp-content\\\/uploads\\\/2023\\\/12\\\/UNIT-_-AXO-NEST.png\",\"contentUrl\":\"https:\\\/\\\/unit-living.com\\\/wp-content\\\/uploads\\\/2023\\\/12\\\/UNIT-_-AXO-NEST.png\"},{\"@type\":\"BreadcrumbList\",\"@id\":\"https:\\\/\\\/unit-living.com\\\/pt-pt\\\/portfolio-simples\\\/#breadcrumb\",\"itemListElement\":[{\"@type\":\"ListItem\",\"position\":1,\"name\":\"Home\",\"item\":\"https:\\\/\\\/unit-living.com\\\/pt-pt\\\/\"},{\"@type\":\"ListItem\",\"position\":2,\"name\":\"Portf\u00f3lio simples\"}]},{\"@type\":\"WebSite\",\"@id\":\"https:\\\/\\\/unit-living.com\\\/pt-pt\\\/#website\",\"url\":\"https:\\\/\\\/unit-living.com\\\/pt-pt\\\/\",\"name\":\"UNIT\",\"description\":\"prefab housing for hoteliers and landowners\",\"publisher\":{\"@id\":\"https:\\\/\\\/unit-living.com\\\/pt-pt\\\/#organization\"},\"potentialAction\":[{\"@type\":\"SearchAction\",\"target\":{\"@type\":\"EntryPoint\",\"urlTemplate\":\"https:\\\/\\\/unit-living.com\\\/pt-pt\\\/?s={search_term_string}\"},\"query-input\":{\"@type\":\"PropertyValueSpecification\",\"valueRequired\":true,\"valueName\":\"search_term_string\"}}],\"inLanguage\":\"pt-PT\"},{\"@type\":\"Organization\",\"@id\":\"https:\\\/\\\/unit-living.com\\\/pt-pt\\\/#organization\",\"name\":\"UNIT\",\"url\":\"https:\\\/\\\/unit-living.com\\\/pt-pt\\\/\",\"logo\":{\"@type\":\"ImageObject\",\"inLanguage\":\"pt-PT\",\"@id\":\"https:\\\/\\\/unit-living.com\\\/pt-pt\\\/#\\\/schema\\\/logo\\\/image\\\/\",\"url\":\"https:\\\/\\\/unit-living.com\\\/wp-content\\\/uploads\\\/2023\\\/12\\\/UNIT_logoblack.png\",\"contentUrl\":\"https:\\\/\\\/unit-living.com\\\/wp-content\\\/uploads\\\/2023\\\/12\\\/UNIT_logoblack.png\",\"width\":710,\"height\":237,\"caption\":\"UNIT\"},\"image\":{\"@id\":\"https:\\\/\\\/unit-living.com\\\/pt-pt\\\/#\\\/schema\\\/logo\\\/image\\\/\"},\"sameAs\":[\"https:\\\/\\\/www.linkedin.com\\\/company\\\/unit-living\\\/\"]}]}<\/script>\n<!-- \/ Yoast SEO plugin. -->","yoast_head_json":{"title":"Portf\u00f3lio simples - UNIT","robots":{"index":"index","follow":"follow","max-snippet":"max-snippet:-1","max-image-preview":"max-image-preview:large","max-video-preview":"max-video-preview:-1"},"canonical":"https:\/\/unit-living.com\/pt-pt\/portfolio-simples\/","og_locale":"pt_PT","og_type":"article","og_title":"Portf\u00f3lio simples - UNIT","og_description":"N\u00f3s fazemos coisas criativas. Crie um s\u00edtio Web que se destaque! Gega \u00e9 perfeito para criativos. saber mais Somos a pr\u00f3xima gera\u00e7\u00e3o Venha conhecer o mundo do digital marketing. saber mais A sua nova casa est\u00e1 para vir. As mentes inovadoras est\u00e3o a descobrir um futuro melhor. saber mais Previous Next get creative with us...","og_url":"https:\/\/unit-living.com\/pt-pt\/portfolio-simples\/","og_site_name":"UNIT","article_modified_time":"2024-03-02T15:42:26+00:00","og_image":[{"url":"https:\/\/unit-living.com\/wp-content\/uploads\/2023\/12\/UNIT-_-AXO-NEST.png","type":"","width":"","height":""}],"twitter_card":"summary_large_image","twitter_misc":{"Tempo estimado de leitura":"1 minuto"},"schema":{"@context":"https:\/\/schema.org","@graph":[{"@type":"WebPage","@id":"https:\/\/unit-living.com\/pt-pt\/portfolio-simples\/","url":"https:\/\/unit-living.com\/pt-pt\/portfolio-simples\/","name":"Portf\u00f3lio simples - UNIT","isPartOf":{"@id":"https:\/\/unit-living.com\/pt-pt\/#website"},"primaryImageOfPage":{"@id":"https:\/\/unit-living.com\/pt-pt\/portfolio-simples\/#primaryimage"},"image":{"@id":"https:\/\/unit-living.com\/pt-pt\/portfolio-simples\/#primaryimage"},"thumbnailUrl":"https:\/\/unit-living.com\/wp-content\/uploads\/2023\/12\/UNIT-_-AXO-NEST.png","datePublished":"2023-01-13T16:15:56+00:00","dateModified":"2024-03-02T15:42:26+00:00","breadcrumb":{"@id":"https:\/\/unit-living.com\/pt-pt\/portfolio-simples\/#breadcrumb"},"inLanguage":"pt-PT","potentialAction":[{"@type":"ReadAction","target":["https:\/\/unit-living.com\/pt-pt\/portfolio-simples\/"]}]},{"@type":"ImageObject","inLanguage":"pt-PT","@id":"https:\/\/unit-living.com\/pt-pt\/portfolio-simples\/#primaryimage","url":"https:\/\/unit-living.com\/wp-content\/uploads\/2023\/12\/UNIT-_-AXO-NEST.png","contentUrl":"https:\/\/unit-living.com\/wp-content\/uploads\/2023\/12\/UNIT-_-AXO-NEST.png"},{"@type":"BreadcrumbList","@id":"https:\/\/unit-living.com\/pt-pt\/portfolio-simples\/#breadcrumb","itemListElement":[{"@type":"ListItem","position":1,"name":"Home","item":"https:\/\/unit-living.com\/pt-pt\/"},{"@type":"ListItem","position":2,"name":"Portf\u00f3lio simples"}]},{"@type":"WebSite","@id":"https:\/\/unit-living.com\/pt-pt\/#website","url":"https:\/\/unit-living.com\/pt-pt\/","name":"UNIT","description":"prefab housing for hoteliers and landowners","publisher":{"@id":"https:\/\/unit-living.com\/pt-pt\/#organization"},"potentialAction":[{"@type":"SearchAction","target":{"@type":"EntryPoint","urlTemplate":"https:\/\/unit-living.com\/pt-pt\/?s={search_term_string}"},"query-input":{"@type":"PropertyValueSpecification","valueRequired":true,"valueName":"search_term_string"}}],"inLanguage":"pt-PT"},{"@type":"Organization","@id":"https:\/\/unit-living.com\/pt-pt\/#organization","name":"UNIT","url":"https:\/\/unit-living.com\/pt-pt\/","logo":{"@type":"ImageObject","inLanguage":"pt-PT","@id":"https:\/\/unit-living.com\/pt-pt\/#\/schema\/logo\/image\/","url":"https:\/\/unit-living.com\/wp-content\/uploads\/2023\/12\/UNIT_logoblack.png","contentUrl":"https:\/\/unit-living.com\/wp-content\/uploads\/2023\/12\/UNIT_logoblack.png","width":710,"height":237,"caption":"UNIT"},"image":{"@id":"https:\/\/unit-living.com\/pt-pt\/#\/schema\/logo\/image\/"},"sameAs":["https:\/\/www.linkedin.com\/company\/unit-living\/"]}]}},"_links":{"self":[{"href":"https:\/\/unit-living.com\/pt-pt\/wp-json\/wp\/v2\/pages\/6954","targetHints":{"allow":["GET"]}}],"collection":[{"href":"https:\/\/unit-living.com\/pt-pt\/wp-json\/wp\/v2\/pages"}],"about":[{"href":"https:\/\/unit-living.com\/pt-pt\/wp-json\/wp\/v2\/types\/page"}],"author":[{"embeddable":true,"href":"https:\/\/unit-living.com\/pt-pt\/wp-json\/wp\/v2\/users\/1"}],"replies":[{"embeddable":true,"href":"https:\/\/unit-living.com\/pt-pt\/wp-json\/wp\/v2\/comments?post=6954"}],"version-history":[{"count":0,"href":"https:\/\/unit-living.com\/pt-pt\/wp-json\/wp\/v2\/pages\/6954\/revisions"}],"wp:attachment":[{"href":"https:\/\/unit-living.com\/pt-pt\/wp-json\/wp\/v2\/media?parent=6954"}],"curies":[{"name":"wp","href":"https:\/\/api.w.org\/{rel}","templated":true}]}}