{"id":6932,"date":"2023-01-18T13:52:16","date_gmt":"2023-01-18T13:52:16","guid":{"rendered":"https:\/\/unit-living.com\/controlo-deslizante-do-portefolio\/"},"modified":"2024-03-02T15:42:22","modified_gmt":"2024-03-02T15:42:22","slug":"controlo-deslizante-do-portefolio","status":"publish","type":"page","link":"https:\/\/unit-living.com\/pt-pt\/controlo-deslizante-do-portefolio\/","title":{"rendered":"Controlo deslizante do portef\u00f3lio"},"content":{"rendered":"\t\t<div data-elementor-type=\"wp-page\" data-elementor-id=\"6932\" class=\"elementor elementor-6932 elementor-801\">\n\t\t\t\t\t\t<section class=\"elementor-section elementor-top-section elementor-element elementor-element-0bd09a7 elementor-section-full_width elementor-section-content-bottom n-gega-container--wide elementor-section-height-default elementor-section-height-default\" data-id=\"0bd09a7\" data-element_type=\"section\" data-e-type=\"section\">\n\t\t\t\t\t\t<div class=\"elementor-container elementor-column-gap-no\">\n\t\t\t\t\t<div class=\"elementor-column elementor-col-100 elementor-top-column elementor-element elementor-element-801deb0\" data-id=\"801deb0\" data-element_type=\"column\" data-e-type=\"column\">\n\t\t\t<div class=\"elementor-widget-wrap elementor-element-populated\">\n\t\t\t\t\t\t<div class=\"elementor-element elementor-element-89d7440 m-neuron-posts--thumbnail-top neuron-swiper--overflow-hidden neuron-swiper--tablet-overflow-hidden neuron-swiper--mobile-overflow-hidden neuron-arrows-animation--none elementor-widget elementor-widget-neuron-posts\" data-id=\"89d7440\" data-element_type=\"widget\" data-e-type=\"widget\" data-settings=\"{&quot;slides_per_view&quot;:&quot;1&quot;,&quot;carousel&quot;:&quot;yes&quot;,&quot;navigation&quot;:&quot;arrows&quot;,&quot;neuron_animations&quot;:&quot;h-neuron-animation--slideFromRight&quot;,&quot;slides_per_view_tablet&quot;:&quot;1&quot;,&quot;slides_per_view_mobile&quot;:&quot;1&quot;,&quot;slides_to_scroll&quot;:&quot;1&quot;,&quot;slides_to_scroll_tablet&quot;:&quot;1&quot;,&quot;slides_to_scroll_mobile&quot;:&quot;1&quot;,&quot;infinite&quot;:&quot;no&quot;,&quot;pause_on_hover&quot;:&quot;yes&quot;,&quot;centered_slides&quot;:&quot;no&quot;,&quot;keyboard_navigation&quot;:&quot;yes&quot;,&quot;autoplay&quot;:&quot;no&quot;,&quot;transition_speed&quot;:500,&quot;space_between&quot;:{&quot;unit&quot;:&quot;px&quot;,&quot;size&quot;:30,&quot;sizes&quot;:[]},&quot;space_between_laptop&quot;:{&quot;unit&quot;:&quot;px&quot;,&quot;size&quot;:&quot;&quot;,&quot;sizes&quot;:[]},&quot;space_between_tablet&quot;:{&quot;unit&quot;:&quot;px&quot;,&quot;size&quot;:10,&quot;sizes&quot;:[]},&quot;space_between_mobile&quot;:{&quot;unit&quot;:&quot;px&quot;,&quot;size&quot;:10,&quot;sizes&quot;:[]},&quot;neuron_animations_duration&quot;:&quot;animated&quot;,&quot;animation_delay&quot;:0,&quot;arrows_hover_animation&quot;:&quot;none&quot;}\" data-widget_type=\"neuron-posts.default\">\n\t\t\t\t<div class=\"elementor-widget-container\">\n\t\t\t\t\t\t\t\t\t\t<div class=\"neuron-swiper\">\r\n\t\t\t\t<div class=\"neuron-slides-wrapper neuron-main-swiper swiper-container\" data-animation-id=\"68d4a05701120460e6da2253f7308b43\">\r\n\t\t\t\t\t\t<div class=\"swiper-wrapper neuron-slides\" data-masonry-id=\"68d4a05701120460e6da2253f7308b43\">\r\n\t\t\t\t\t\t\t\t\t<\/div>\r\n\t\t\t\t\t\t\t\r\n\t\t\t<\/div>\r\n\r\n\t\t\t\r\n\t\t\t\t\t\t\r\n\t\t\t\t\t\t\t<div class=\"neuron-swiper-button neuron-swiper-button--prev\">\r\n\t\t\t\t\t\t\t\t\t\t\t<div class=\"neuron-icon\"><\/div>\r\n\t\t\t\t\t\t\t\t\t\t<span class=\"neuron-swiper-button--hidden\">Previous<\/span>\r\n\t\t\t\t<\/div>\r\n\t\t\t\t<div class=\"neuron-swiper-button neuron-swiper-button--next\">\r\n\t\t\t\t\t\t\t\t\t\t\t<div class=\"neuron-icon\"><\/div>\r\n\t\t\t\t\t\t\t\t\t\t<span class=\"neuron-swiper-button--hidden\">Next<\/span>\r\n\t\t\t\t<\/div>\r\n\t\t\t\t\t\t<\/div>\r\n\t\t\r\n\t\t\t\t\t\t<\/div>\n\t\t\t\t<\/div>\n\t\t\t\t<section class=\"elementor-section elementor-inner-section elementor-element elementor-element-1b11b62 elementor-section-full_width elementor-section-height-default elementor-section-height-default\" data-id=\"1b11b62\" data-element_type=\"section\" data-e-type=\"section\">\n\t\t\t\t\t\t<div class=\"elementor-container elementor-column-gap-no\">\n\t\t\t\t\t<div class=\"elementor-column elementor-col-50 elementor-inner-column elementor-element elementor-element-7f1671d\" data-id=\"7f1671d\" data-element_type=\"column\" data-e-type=\"column\">\n\t\t\t<div class=\"elementor-widget-wrap elementor-element-populated\">\n\t\t\t\t\t\t<div class=\"elementor-element elementor-element-75e3942 elementor-widget elementor-widget-heading\" data-id=\"75e3942\" data-element_type=\"widget\" data-e-type=\"widget\" data-widget_type=\"heading.default\">\n\t\t\t\t<div class=\"elementor-widget-container\">\n\t\t\t\t\t<h4 class=\"elementor-heading-title elementor-size-default\">Talvez \u00e0 procura de<br>\nalgu\u00e9m que trabalha no seu  <br>\npr\u00f3ximo projeto.<\/h4>\t\t\t\t<\/div>\n\t\t\t\t<\/div>\n\t\t\t\t\t<\/div>\n\t\t<\/div>\n\t\t\t\t<div class=\"elementor-column elementor-col-50 elementor-inner-column elementor-element elementor-element-542b5eb elementor-hidden-mobile\" data-id=\"542b5eb\" data-element_type=\"column\" data-e-type=\"column\">\n\t\t\t<div class=\"elementor-widget-wrap elementor-element-populated\">\n\t\t\t\t\t\t<div class=\"elementor-element elementor-element-e6c7436 elementor-widget elementor-widget-heading\" data-id=\"e6c7436\" data-element_type=\"widget\" data-e-type=\"widget\" data-widget_type=\"heading.default\">\n\t\t\t\t<div class=\"elementor-widget-container\">\n\t\t\t\t\t<h2 class=\"elementor-heading-title elementor-size-default\">Aberto a novos trabalhos<\/h2>\t\t\t\t<\/div>\n\t\t\t\t<\/div>\n\t\t\t\t\t<\/div>\n\t\t<\/div>\n\t\t\t\t\t<\/div>\n\t\t<\/section>\n\t\t\t\t\t<\/div>\n\t\t<\/div>\n\t\t\t\t\t<\/div>\n\t\t<\/section>\n\t\t\t\t<\/div>\n\t\t","protected":false},"excerpt":{"rendered":"<p>The Main Event December 8, 2023 Architecture The Pied \u00e0 Terre December 8, 2023 The Nest December 8, 2023 Previous Next Talvez \u00e0 procura de algu\u00e9m que trabalha no seu pr\u00f3ximo projeto. Aberto a novos trabalhos<\/p>\n","protected":false},"author":1,"featured_media":0,"parent":0,"menu_order":0,"comment_status":"closed","ping_status":"closed","template":"","meta":{"footnotes":""},"class_list":["post-6932","page","type-page","status-publish","hentry"],"yoast_head":"<!-- This site is optimized with the Yoast SEO plugin v27.4 - https:\/\/yoast.com\/product\/yoast-seo-wordpress\/ -->\n<title>Controlo deslizante do portef\u00f3lio - UNIT<\/title>\n<meta name=\"robots\" content=\"index, follow, max-snippet:-1, max-image-preview:large, max-video-preview:-1\" \/>\n<link rel=\"canonical\" href=\"https:\/\/unit-living.com\/pt-pt\/controlo-deslizante-do-portefolio\/\" \/>\n<meta property=\"og:locale\" content=\"pt_PT\" \/>\n<meta property=\"og:type\" content=\"article\" \/>\n<meta property=\"og:title\" content=\"Controlo deslizante do portef\u00f3lio - UNIT\" \/>\n<meta property=\"og:description\" content=\"The Main Event December 8, 2023 Architecture The Pied \u00e0 Terre December 8, 2023 The Nest December 8, 2023 Previous Next Talvez \u00e0 procura de algu\u00e9m que trabalha no seu pr\u00f3ximo projeto. Aberto a novos trabalhos\" \/>\n<meta property=\"og:url\" content=\"https:\/\/unit-living.com\/pt-pt\/controlo-deslizante-do-portefolio\/\" \/>\n<meta property=\"og:site_name\" content=\"UNIT\" \/>\n<meta property=\"article:modified_time\" content=\"2024-03-02T15:42:22+00:00\" \/>\n<meta property=\"og:image\" content=\"https:\/\/unit-living.com\/wp-content\/uploads\/2023\/12\/UNIT-_-AXO-MAIN.png\" \/>\n<meta name=\"twitter:card\" content=\"summary_large_image\" \/>\n<script type=\"application\/ld+json\" class=\"yoast-schema-graph\">{\"@context\":\"https:\\\/\\\/schema.org\",\"@graph\":[{\"@type\":\"WebPage\",\"@id\":\"https:\\\/\\\/unit-living.com\\\/pt-pt\\\/controlo-deslizante-do-portefolio\\\/\",\"url\":\"https:\\\/\\\/unit-living.com\\\/pt-pt\\\/controlo-deslizante-do-portefolio\\\/\",\"name\":\"Controlo deslizante do portef\u00f3lio - UNIT\",\"isPartOf\":{\"@id\":\"https:\\\/\\\/unit-living.com\\\/pt-pt\\\/#website\"},\"primaryImageOfPage\":{\"@id\":\"https:\\\/\\\/unit-living.com\\\/pt-pt\\\/controlo-deslizante-do-portefolio\\\/#primaryimage\"},\"image\":{\"@id\":\"https:\\\/\\\/unit-living.com\\\/pt-pt\\\/controlo-deslizante-do-portefolio\\\/#primaryimage\"},\"thumbnailUrl\":\"https:\\\/\\\/unit-living.com\\\/wp-content\\\/uploads\\\/2023\\\/12\\\/UNIT-_-AXO-MAIN.png\",\"datePublished\":\"2023-01-18T13:52:16+00:00\",\"dateModified\":\"2024-03-02T15:42:22+00:00\",\"breadcrumb\":{\"@id\":\"https:\\\/\\\/unit-living.com\\\/pt-pt\\\/controlo-deslizante-do-portefolio\\\/#breadcrumb\"},\"inLanguage\":\"pt-PT\",\"potentialAction\":[{\"@type\":\"ReadAction\",\"target\":[\"https:\\\/\\\/unit-living.com\\\/pt-pt\\\/controlo-deslizante-do-portefolio\\\/\"]}]},{\"@type\":\"ImageObject\",\"inLanguage\":\"pt-PT\",\"@id\":\"https:\\\/\\\/unit-living.com\\\/pt-pt\\\/controlo-deslizante-do-portefolio\\\/#primaryimage\",\"url\":\"https:\\\/\\\/unit-living.com\\\/wp-content\\\/uploads\\\/2023\\\/12\\\/UNIT-_-AXO-MAIN.png\",\"contentUrl\":\"https:\\\/\\\/unit-living.com\\\/wp-content\\\/uploads\\\/2023\\\/12\\\/UNIT-_-AXO-MAIN.png\"},{\"@type\":\"BreadcrumbList\",\"@id\":\"https:\\\/\\\/unit-living.com\\\/pt-pt\\\/controlo-deslizante-do-portefolio\\\/#breadcrumb\",\"itemListElement\":[{\"@type\":\"ListItem\",\"position\":1,\"name\":\"Home\",\"item\":\"https:\\\/\\\/unit-living.com\\\/pt-pt\\\/\"},{\"@type\":\"ListItem\",\"position\":2,\"name\":\"Controlo deslizante do portef\u00f3lio\"}]},{\"@type\":\"WebSite\",\"@id\":\"https:\\\/\\\/unit-living.com\\\/pt-pt\\\/#website\",\"url\":\"https:\\\/\\\/unit-living.com\\\/pt-pt\\\/\",\"name\":\"UNIT\",\"description\":\"prefab housing for hoteliers and landowners\",\"publisher\":{\"@id\":\"https:\\\/\\\/unit-living.com\\\/pt-pt\\\/#organization\"},\"potentialAction\":[{\"@type\":\"SearchAction\",\"target\":{\"@type\":\"EntryPoint\",\"urlTemplate\":\"https:\\\/\\\/unit-living.com\\\/pt-pt\\\/?s={search_term_string}\"},\"query-input\":{\"@type\":\"PropertyValueSpecification\",\"valueRequired\":true,\"valueName\":\"search_term_string\"}}],\"inLanguage\":\"pt-PT\"},{\"@type\":\"Organization\",\"@id\":\"https:\\\/\\\/unit-living.com\\\/pt-pt\\\/#organization\",\"name\":\"UNIT\",\"url\":\"https:\\\/\\\/unit-living.com\\\/pt-pt\\\/\",\"logo\":{\"@type\":\"ImageObject\",\"inLanguage\":\"pt-PT\",\"@id\":\"https:\\\/\\\/unit-living.com\\\/pt-pt\\\/#\\\/schema\\\/logo\\\/image\\\/\",\"url\":\"https:\\\/\\\/unit-living.com\\\/wp-content\\\/uploads\\\/2023\\\/12\\\/UNIT_logoblack.png\",\"contentUrl\":\"https:\\\/\\\/unit-living.com\\\/wp-content\\\/uploads\\\/2023\\\/12\\\/UNIT_logoblack.png\",\"width\":710,\"height\":237,\"caption\":\"UNIT\"},\"image\":{\"@id\":\"https:\\\/\\\/unit-living.com\\\/pt-pt\\\/#\\\/schema\\\/logo\\\/image\\\/\"},\"sameAs\":[\"https:\\\/\\\/www.linkedin.com\\\/company\\\/unit-living\\\/\"]}]}<\/script>\n<!-- \/ Yoast SEO plugin. -->","yoast_head_json":{"title":"Controlo deslizante do portef\u00f3lio - UNIT","robots":{"index":"index","follow":"follow","max-snippet":"max-snippet:-1","max-image-preview":"max-image-preview:large","max-video-preview":"max-video-preview:-1"},"canonical":"https:\/\/unit-living.com\/pt-pt\/controlo-deslizante-do-portefolio\/","og_locale":"pt_PT","og_type":"article","og_title":"Controlo deslizante do portef\u00f3lio - UNIT","og_description":"The Main Event December 8, 2023 Architecture The Pied \u00e0 Terre December 8, 2023 The Nest December 8, 2023 Previous Next Talvez \u00e0 procura de algu\u00e9m que trabalha no seu pr\u00f3ximo projeto. Aberto a novos trabalhos","og_url":"https:\/\/unit-living.com\/pt-pt\/controlo-deslizante-do-portefolio\/","og_site_name":"UNIT","article_modified_time":"2024-03-02T15:42:22+00:00","og_image":[{"url":"https:\/\/unit-living.com\/wp-content\/uploads\/2023\/12\/UNIT-_-AXO-MAIN.png","type":"","width":"","height":""}],"twitter_card":"summary_large_image","schema":{"@context":"https:\/\/schema.org","@graph":[{"@type":"WebPage","@id":"https:\/\/unit-living.com\/pt-pt\/controlo-deslizante-do-portefolio\/","url":"https:\/\/unit-living.com\/pt-pt\/controlo-deslizante-do-portefolio\/","name":"Controlo deslizante do portef\u00f3lio - UNIT","isPartOf":{"@id":"https:\/\/unit-living.com\/pt-pt\/#website"},"primaryImageOfPage":{"@id":"https:\/\/unit-living.com\/pt-pt\/controlo-deslizante-do-portefolio\/#primaryimage"},"image":{"@id":"https:\/\/unit-living.com\/pt-pt\/controlo-deslizante-do-portefolio\/#primaryimage"},"thumbnailUrl":"https:\/\/unit-living.com\/wp-content\/uploads\/2023\/12\/UNIT-_-AXO-MAIN.png","datePublished":"2023-01-18T13:52:16+00:00","dateModified":"2024-03-02T15:42:22+00:00","breadcrumb":{"@id":"https:\/\/unit-living.com\/pt-pt\/controlo-deslizante-do-portefolio\/#breadcrumb"},"inLanguage":"pt-PT","potentialAction":[{"@type":"ReadAction","target":["https:\/\/unit-living.com\/pt-pt\/controlo-deslizante-do-portefolio\/"]}]},{"@type":"ImageObject","inLanguage":"pt-PT","@id":"https:\/\/unit-living.com\/pt-pt\/controlo-deslizante-do-portefolio\/#primaryimage","url":"https:\/\/unit-living.com\/wp-content\/uploads\/2023\/12\/UNIT-_-AXO-MAIN.png","contentUrl":"https:\/\/unit-living.com\/wp-content\/uploads\/2023\/12\/UNIT-_-AXO-MAIN.png"},{"@type":"BreadcrumbList","@id":"https:\/\/unit-living.com\/pt-pt\/controlo-deslizante-do-portefolio\/#breadcrumb","itemListElement":[{"@type":"ListItem","position":1,"name":"Home","item":"https:\/\/unit-living.com\/pt-pt\/"},{"@type":"ListItem","position":2,"name":"Controlo deslizante do portef\u00f3lio"}]},{"@type":"WebSite","@id":"https:\/\/unit-living.com\/pt-pt\/#website","url":"https:\/\/unit-living.com\/pt-pt\/","name":"UNIT","description":"prefab housing for hoteliers and landowners","publisher":{"@id":"https:\/\/unit-living.com\/pt-pt\/#organization"},"potentialAction":[{"@type":"SearchAction","target":{"@type":"EntryPoint","urlTemplate":"https:\/\/unit-living.com\/pt-pt\/?s={search_term_string}"},"query-input":{"@type":"PropertyValueSpecification","valueRequired":true,"valueName":"search_term_string"}}],"inLanguage":"pt-PT"},{"@type":"Organization","@id":"https:\/\/unit-living.com\/pt-pt\/#organization","name":"UNIT","url":"https:\/\/unit-living.com\/pt-pt\/","logo":{"@type":"ImageObject","inLanguage":"pt-PT","@id":"https:\/\/unit-living.com\/pt-pt\/#\/schema\/logo\/image\/","url":"https:\/\/unit-living.com\/wp-content\/uploads\/2023\/12\/UNIT_logoblack.png","contentUrl":"https:\/\/unit-living.com\/wp-content\/uploads\/2023\/12\/UNIT_logoblack.png","width":710,"height":237,"caption":"UNIT"},"image":{"@id":"https:\/\/unit-living.com\/pt-pt\/#\/schema\/logo\/image\/"},"sameAs":["https:\/\/www.linkedin.com\/company\/unit-living\/"]}]}},"_links":{"self":[{"href":"https:\/\/unit-living.com\/pt-pt\/wp-json\/wp\/v2\/pages\/6932","targetHints":{"allow":["GET"]}}],"collection":[{"href":"https:\/\/unit-living.com\/pt-pt\/wp-json\/wp\/v2\/pages"}],"about":[{"href":"https:\/\/unit-living.com\/pt-pt\/wp-json\/wp\/v2\/types\/page"}],"author":[{"embeddable":true,"href":"https:\/\/unit-living.com\/pt-pt\/wp-json\/wp\/v2\/users\/1"}],"replies":[{"embeddable":true,"href":"https:\/\/unit-living.com\/pt-pt\/wp-json\/wp\/v2\/comments?post=6932"}],"version-history":[{"count":0,"href":"https:\/\/unit-living.com\/pt-pt\/wp-json\/wp\/v2\/pages\/6932\/revisions"}],"wp:attachment":[{"href":"https:\/\/unit-living.com\/pt-pt\/wp-json\/wp\/v2\/media?parent=6932"}],"curies":[{"name":"wp","href":"https:\/\/api.w.org\/{rel}","templated":true}]}}